{"id":163,"date":"2015-10-01T18:23:34","date_gmt":"2015-10-01T17:23:34","guid":{"rendered":"http:\/\/corinne-deschamps.com\/blog\/?page_id=163"},"modified":"2015-10-02T07:03:01","modified_gmt":"2015-10-02T06:03:01","slug":"comment-se-passe-une-seance-de-neuro-training","status":"publish","type":"page","link":"http:\/\/corinne-deschamps.com\/blog\/comment-se-passe-une-seance-de-neuro-training\/","title":{"rendered":"D\u00e9roulement d&#8217;une s\u00e9ance de Neuro-Training"},"content":{"rendered":"<p>Mais comment se passe une s\u00e9ance de Neuro-Training?<\/p>\n<p>Cette technique n&#8217;est pas encore tr\u00e8s connue en France, et bien sur quelques questions reviennent r\u00e9guli\u00e8rement.<\/p>\n<p><strong>Voici les renseignements qui devraient vous permettre d&#8217;envisager sereinement votre prochaine s\u00e9ance :<\/strong><\/p>\n<p>1\u00b0\u00a0:\u00a0<strong>nul besoin de vous d\u00e9v\u00e9tir<\/strong>!\u00a0 On vous demandera tout au plus d&#8217;oter vos chaussures, votre\u00a0montre et peut-\u00eatre&#8230; votre ceinture. Pas plus.<\/p>\n<p>2\u00b0\u00a0: pour ceux et celles qui n&#8217;ont pas ou plus envie de parler : <strong>nul besoin de vous\u00a0&#8220;raconter&#8221;\u00a0<\/strong> en long, en large et en travers. Nous savons \u00e9couter, mais privil\u00e9gions l&#8217;\u00e9coute du\u00a0corps.<\/p>\n<p>3\u00b0: vous \u00eates confortablement allong\u00e9(e) sur la table,\u00a0le Neuro-Trainer fait le reste.<\/p>\n<p>Laisser vous guider, c&#8217;est simple.<img loading=\"lazy\" decoding=\"async\" class=\"aligncenter size-medium wp-image-169\" src=\"http:\/\/corinne-deschamps.com\/blog\/wp-content\/uploads\/2015\/10\/comment-se-passe-une-seance-de-neuro-training-300x222.jpg\" alt=\"S\u00e9ance de Neuro-Training Corinne Deschamps Salon de Provence \" width=\"300\" height=\"222\" srcset=\"http:\/\/corinne-deschamps.com\/blog\/wp-content\/uploads\/2015\/10\/comment-se-passe-une-seance-de-neuro-training-300x222.jpg 300w, http:\/\/corinne-deschamps.com\/blog\/wp-content\/uploads\/2015\/10\/comment-se-passe-une-seance-de-neuro-training-1024x758.jpg 1024w\" sizes=\"(max-width: 300px) 100vw, 300px\" \/><\/p>\n<p><a href=\"http:\/\/corinne-deschamps.com\/blog\/wp-content\/uploads\/2015\/10\/comment-se-passe-une-seance-de-neuro-training.jpg\">\u00a0<\/a><\/p>\n<p>5\u00b0\u00a0: Le Neuro-Trainer utilise le test musculaire qui lui permet d&#8217;obtenir les r\u00e9ponses de votre neurologie. Ainsi, <strong>nous travaillons toujours sur des sujets prioritaires et avec des permissions<\/strong>:<\/p>\n<ul>\n<li>Permission de travailler<\/li>\n<li>Permission d&#8217;\u00e9quilibrer<\/li>\n<li>Permission de continuer la s\u00e9ance<\/li>\n<li>Permission d&#8217;arr\u00eater<\/li>\n<\/ul>\n<p>Sans ces permissions, nous ne continuons pas la s\u00e9ance ou&#8230;. nous ne l&#8217;arr\u00eatons pas!<\/p>\n<p>&nbsp;<\/p>\n<p>Mieux que des mots, voici une courte vid\u00e9o sur le d\u00e9roulement d&#8217;une s\u00e9ance.<\/p>\n<p>&nbsp;<\/p>\n<p><a href=\"https:\/\/youtu.be\/mbbYvb-LH3o\">https:\/\/youtu.be\/mbbYvb-LH3o<\/a><\/p>\n<p>Merci \u00e0 Jos\u00e9 Chouraqui, formateur et directeur de l&#8217;Ecole de Neuro-Training \u00e0 Marseille pour ses multiples interventions afin de promouvoir le Neuro-Training en France.<\/p>\n<p>&nbsp;<\/p>\n<p>&nbsp;<\/p>\n","protected":false},"excerpt":{"rendered":"<p>Mais comment se passe une s\u00e9ance de Neuro-Training? Cette technique n&#8217;est pas encore tr\u00e8s connue en France, et bien sur quelques questions reviennent r\u00e9guli\u00e8rement&#8230;.<\/p>\n","protected":false},"author":1,"featured_media":169,"parent":0,"menu_order":0,"comment_status":"closed","ping_status":"closed","template":"","meta":{"footnotes":""},"class_list":["post-163","page","type-page","status-publish","has-post-thumbnail","hentry"],"aioseo_notices":[],"_links":{"self":[{"href":"http:\/\/corinne-deschamps.com\/blog\/wp-json\/wp\/v2\/pages\/163"}],"collection":[{"href":"http:\/\/corinne-deschamps.com\/blog\/wp-json\/wp\/v2\/pages"}],"about":[{"href":"http:\/\/corinne-deschamps.com\/blog\/wp-json\/wp\/v2\/types\/page"}],"author":[{"embeddable":true,"href":"http:\/\/corinne-deschamps.com\/blog\/wp-json\/wp\/v2\/users\/1"}],"replies":[{"embeddable":true,"href":"http:\/\/corinne-deschamps.com\/blog\/wp-json\/wp\/v2\/comments?post=163"}],"version-history":[{"count":9,"href":"http:\/\/corinne-deschamps.com\/blog\/wp-json\/wp\/v2\/pages\/163\/revisions"}],"predecessor-version":[{"id":177,"href":"http:\/\/corinne-deschamps.com\/blog\/wp-json\/wp\/v2\/pages\/163\/revisions\/177"}],"wp:featuredmedia":[{"embeddable":true,"href":"http:\/\/corinne-deschamps.com\/blog\/wp-json\/wp\/v2\/media\/169"}],"wp:attachment":[{"href":"http:\/\/corinne-deschamps.com\/blog\/wp-json\/wp\/v2\/media?parent=163"}],"curies":[{"name":"wp","href":"https:\/\/api.w.org\/{rel}","templated":true}]}}